{"id":33,"date":"2024-11-11T14:17:12","date_gmt":"2024-11-11T13:17:12","guid":{"rendered":"https:\/\/colproba.org.ar\/wp\/deportivas2024\/?page_id=33"},"modified":"2024-11-23T17:56:58","modified_gmt":"2024-11-23T16:56:58","slug":"ajedrez","status":"publish","type":"page","link":"https:\/\/colproba.org.ar\/wp\/deportivas2024\/ajedrez\/","title":{"rendered":"Ajedrez"},"content":{"rendered":"<h4>1\u00b0 La Plata<\/h4>\n<h4>2\u00b0 Lomas de Zamora<\/h4>\n<p>&nbsp;<\/p>\n<p><strong>Modalidad<\/strong>: Se juega por equipo de tres jugadores. Un solo equipo por colegio.<\/p>\n<p><strong>D\u00edas<\/strong> : Jueves 21 y Viernes 22 de noviembre<\/p>\n<p><strong>Horario<\/strong>:<\/p>\n<ul>\n<li>Inscripci\u00f3n JUEVES A LAS 18 horas.<\/li>\n<li>Inicio 18.30<\/li>\n<\/ul>\n<p><strong>Lugar<\/strong> de Juego: La casa del Ajedrez \u2013 que funciona en el Centro Basko.<\/p>\n<p><strong>NUEVA DIRECCION MORENO 3440. ( entre Espa\u00f1a y Jujuy)<\/strong><\/p>\n<p>Importante: <strong>Inscripci\u00f3n y sorteo en el lugar.<\/strong><\/p>\n<p>&nbsp;<\/p>\n<p><strong>0. CONFORMACI\u00d3N DE LOS EQUIPOS<\/strong><\/p>\n<p style=\"padding-left: 40px;\">0.1. EL EQUIPO EST\u00c1 CONFORMADO POR 3 JUGADORES Y 1 SUPLENTE, SE PODR\u00c1 INSCRIBIR O REEMPLAZAR CUALQUIER JUGADOR ANTES DE FINALIZADA LA 3\u00ba FECHA. LOS EQUIPOS FORMARAN POR LISTA FIJA Y LOS SUPLENTES ENTRAN EN EL TABLERO QUE SE AUSENTE EN CUALQUIERA DE LAS FECHAS.<\/p>\n<p>1.<strong> SISTEMA DE PUNTUACI\u00d3N<\/strong><\/p>\n<p style=\"padding-left: 40px;\">1.1. SISTEMA OL\u00cdMPICO, MATCH GANADO 2 PUNTOS, EMPATE 1 PUNTO.<\/p>\n<p>2. <strong>SE DISPUTARA 1 TORNEO<\/strong>. CADA COLEGIO PODR\u00c1 PRESENTAR UN EQUIPO.<\/p>\n<p>3. <strong>FORMATOS DE LOS TORNEOS<\/strong><\/p>\n<p style=\"padding-left: 40px;\">3.1. RITMO: 12 MINUTOS + 3 SEGUNDOS DE INCREMENTO POR JUGADA.<br \/>\n3.2. HASTA 8 PARTICIPANTES SE DISPUTAR\u00c1 UN TORNEO POR SISTEMA AMERICANO A UNA RUEDA.<br \/>\n3.3. M\u00c1S DE 9 PARTICIPANTES, SISTEMA SUIZO A 7 FECHAS.<\/p>\n<p style=\"padding-left: 40px;\">4. <strong>SISTEMAS DE DESEMPATE<\/strong><\/p>\n<p style=\"padding-left: 40px;\">4.1. EN LOS TORNEOS AMERICANOS SE UTILIZA, PARA TODOS LOS PUESTOS:<\/p>\n<ul>\n<li style=\"list-style-type: none;\">\n<ul>\n<li style=\"list-style-type: none;\">\n<ul>\n<li>1\u00ba SUMA DE PUNTOS INDIVIDUALES.<\/li>\n<li>2\u00ba MATCH INDIVIDUAL<\/li>\n<li>3\u00ba SISTEMA SONNEBORN BERGER.<\/li>\n<li>4\u00ba MAYOR CANTIDAD DE PARTIDAS GANADAS.<\/li>\n<\/ul>\n<\/li>\n<\/ul>\n<\/li>\n<\/ul>\n<p style=\"padding-left: 40px;\">4.2. EN TORNEOS SUIZOS SE UTILIZA, PARA TODO LOS PUESTOS.<\/p>\n<ul>\n<li style=\"list-style-type: none;\">\n<ul>\n<li>1\u00ba SUMA DE PUNTOS INDIVIDUALES.<\/li>\n<li>2\u00ba MATCH INDIVIDUAL.<\/li>\n<li>3\u00ba BUCHHOLZ TOP (MENOS EL PEOR RESULTADO).<\/li>\n<li>4\u00ba SONNEBORN BERGER.<\/li>\n<li>5\u00aa MAYOR CANTIDAD DE PARTIDAS GANADAS.<\/li>\n<\/ul>\n<\/li>\n<\/ul>\n<p style=\"padding-left: 40px;\">4.3. EN LOS TABLEROS, SUIZOS O AMERICANOS.<\/p>\n<ul>\n<li style=\"list-style-type: none;\">\n<ul>\n<li>1\u00ba SUMA DE PUNTOS.<\/li>\n<li>2\u00ba MATCH INDIVIDUAL.<\/li>\n<li>3\u00ba MEJOR PERFOMANCE.<\/li>\n<li>4\u00ba MAYOR CANTIDAD DE PARTIDAS GANADAS.<\/li>\n<\/ul>\n<\/li>\n<\/ul>\n<p>5. <strong>CRONOGRAMA<\/strong><\/p>\n<p style=\"padding-left: 40px;\">5.1. SE JUGARA DURANTE 2 (DOS) D\u00cdAS, AMBOS COMENZANDO LAS RONDAS A PARTIR DE LAS 18 HS.<br \/>\n5.2. LOS EQUIPOS DEBER\u00c1N PRESENTARSE CON MEDIA HORA DE ANTICIPACI\u00d3N PARA LA INSCRIPCI\u00d3N.<br \/>\n5.3. LOS INTERVALOS ENTRE RONDAS QUE SE JUEGAN EL MISMO D\u00cdA, SER\u00c1N DE 10 MINUTOS.<br \/>\n5.4. LOS JUGADORES TENDR\u00c1N UNA TOLERANCIA POR RETRASO IGUAL AL TIEMPO DE REFLEXI\u00d3N SIN INCREMENTO (12 MINUTOS)<\/p>\n<p>6.<strong> REGULACI\u00d3N DURANTE LAS PARTIDAS<\/strong><\/p>\n<p style=\"padding-left: 40px;\">6.1. EL TORNEO SE RIGE BAJO EL ACTUAL REGLAMENTO FIDE DE COMPETICI\u00d3N.<br \/>\n6.2. NO PODR\u00c1N UTILIZAR ARTEFACTOS ELECTR\u00d3NICOS DURANTE LAS PARTIDAS, BAJO PENALIZACI\u00d3N DE PERDER EL ENCUENTRO.<br \/>\n6.3. CADA EQUIPO ASIGNARA UN CAPIT\u00c1N, QUIEN SER\u00c1 EL \u00daNICO INTEGRANTE QUE PODR\u00c1 HABLAR CON SUS PARES DURANTE LAS PARTIDAS, SIEMPRE BAJO CONSULTA Y SUPERVISI\u00d3N DEL \u00c1RBITRO.<\/p>\n","protected":false},"excerpt":{"rendered":"<p>1\u00b0 La Plata 2\u00b0 Lomas de Zamora &nbsp; Modalidad: Se juega por equipo de tres jugadores. Un solo equipo por [&hellip;]<\/p>\n","protected":false},"author":1,"featured_media":0,"parent":0,"menu_order":0,"comment_status":"closed","ping_status":"closed","template":"","meta":{"_bbp_topic_count":0,"_bbp_reply_count":0,"_bbp_total_topic_count":0,"_bbp_total_reply_count":0,"_bbp_voice_count":0,"_bbp_anonymous_reply_count":0,"_bbp_topic_count_hidden":0,"_bbp_reply_count_hidden":0,"_bbp_forum_subforum_count":0,"site-sidebar-layout":"default","site-content-layout":"","ast-site-content-layout":"normal-width-container","site-content-style":"default","site-sidebar-style":"default","ast-global-header-display":"","ast-banner-title-visibility":"","ast-main-header-display":"","ast-hfb-above-header-display":"","ast-hfb-below-header-display":"","ast-hfb-mobile-header-display":"","site-post-title":"","ast-breadcrumbs-content":"","ast-featured-img":"","footer-sml-layout":"","theme-transparent-header-meta":"default","adv-header-id-meta":"","stick-header-meta":"","header-above-stick-meta":"","header-main-stick-meta":"","header-below-stick-meta":"","astra-migrate-meta-layouts":"set","ast-page-background-enabled":"default","ast-page-background-meta":{"desktop":{"background-color":"var(--ast-global-color-4)","background-image":"","background-repeat":"repeat","background-position":"center center","background-size":"auto","background-attachment":"scroll","background-type":"","background-media":"","overlay-type":"","overlay-color":"","overlay-opacity":"","overlay-gradient":""},"tablet":{"background-color":"","background-image":"","background-repeat":"repeat","background-position":"center center","background-size":"auto","background-attachment":"scroll","background-type":"","background-media":"","overlay-type":"","overlay-color":"","overlay-opacity":"","overlay-gradient":""},"mobile":{"background-color":"","background-image":"","background-repeat":"repeat","background-position":"center center","background-size":"auto","background-attachment":"scroll","background-type":"","background-media":"","overlay-type":"","overlay-color":"","overlay-opacity":"","overlay-gradient":""}},"ast-content-background-meta":{"desktop":{"background-color":"var(--ast-global-color-5)","background-image":"","background-repeat":"repeat","background-position":"center center","background-size":"auto","background-attachment":"scroll","background-type":"","background-media":"","overlay-type":"","overlay-color":"","overlay-opacity":"","overlay-gradient":""},"tablet":{"background-color":"var(--ast-global-color-5)","background-image":"","background-repeat":"repeat","background-position":"center center","background-size":"auto","background-attachment":"scroll","background-type":"","background-media":"","overlay-type":"","overlay-color":"","overlay-opacity":"","overlay-gradient":""},"mobile":{"background-color":"var(--ast-global-color-5)","background-image":"","background-repeat":"repeat","background-position":"center center","background-size":"auto","background-attachment":"scroll","background-type":"","background-media":"","overlay-type":"","overlay-color":"","overlay-opacity":"","overlay-gradient":""}},"footnotes":""},"class_list":["post-33","page","type-page","status-publish","hentry"],"_links":{"self":[{"href":"https:\/\/colproba.org.ar\/wp\/deportivas2024\/wp-json\/wp\/v2\/pages\/33","targetHints":{"allow":["GET"]}}],"collection":[{"href":"https:\/\/colproba.org.ar\/wp\/deportivas2024\/wp-json\/wp\/v2\/pages"}],"about":[{"href":"https:\/\/colproba.org.ar\/wp\/deportivas2024\/wp-json\/wp\/v2\/types\/page"}],"author":[{"embeddable":true,"href":"https:\/\/colproba.org.ar\/wp\/deportivas2024\/wp-json\/wp\/v2\/users\/1"}],"replies":[{"embeddable":true,"href":"https:\/\/colproba.org.ar\/wp\/deportivas2024\/wp-json\/wp\/v2\/comments?post=33"}],"version-history":[{"count":5,"href":"https:\/\/colproba.org.ar\/wp\/deportivas2024\/wp-json\/wp\/v2\/pages\/33\/revisions"}],"predecessor-version":[{"id":292,"href":"https:\/\/colproba.org.ar\/wp\/deportivas2024\/wp-json\/wp\/v2\/pages\/33\/revisions\/292"}],"wp:attachment":[{"href":"https:\/\/colproba.org.ar\/wp\/deportivas2024\/wp-json\/wp\/v2\/media?parent=33"}],"curies":[{"name":"wp","href":"https:\/\/api.w.org\/{rel}","templated":true}]}}