{"id":118,"date":"2023-10-24T15:56:13","date_gmt":"2023-10-24T15:56:13","guid":{"rendered":"https:\/\/colproba.org.ar\/wp\/deportivas2023\/?page_id=118"},"modified":"2023-11-10T16:06:44","modified_gmt":"2023-11-10T16:06:44","slug":"pelota-paleta","status":"publish","type":"page","link":"https:\/\/colproba.org.ar\/wp\/deportivas2023\/pelota-paleta\/","title":{"rendered":"Pelota Paleta"},"content":{"rendered":"<p>Ganadores 2023<\/p>\n<ul>\n<li>1\u00ba Mercedes.<\/li>\n<li>2\u00ba San Nicol\u00e1s<\/li>\n<\/ul>\n<p>&nbsp;<\/p>\n<p><b>D\u00eda:<\/b> Jueves<\/p>\n<p><b>Lugar de juego:<\/b> Club Urquiza (Tucum\u00e1n 2663)<\/p>\n<p><b>A<\/b> las 10:00 hs. del d\u00eda jueves se realizar\u00e1 en el lugar de juego la inscripci\u00f3n de los colegios participantes, el sorteo e inicio de la competencia. Cabeza de serie 2023.\u00a0 1. AZUL 2do. NECOCHEA<\/p>\n<p>&nbsp;<\/p>\n<p>Los partidos se juegan a dos sets de 12 puntos y uno m\u00e1s en caso de ser necesario a 7 puntos. En dos d\u00edas de competencia, jueves y viernes.<\/p>\n<p>DOS EQUIPOS POR COLEGIO. SE ENFRENTAN EN SEMIFINALES EN CASO DE SER NECESARIO.<\/p>\n<p>SI ES UNA UNICA ZONA JUEGAN EL PRIMER PARTIDO.<\/p>\n<p>CADA EQUIPO TRES JUGADORES. JUEGA CUALQUIERA DE LOS TRES. SE PUEDE CAMBIAR AL JUGADOR UNA VEZ INICIADO EL PARTIDO, SOLO UN CAMBIO POR PARTIDO.<\/p>\n<p>&nbsp;<\/p>\n","protected":false},"excerpt":{"rendered":"<p>Ganadores 2023 1\u00ba Mercedes. 2\u00ba San Nicol\u00e1s &nbsp; D\u00eda: Jueves Lugar de juego: Club Urquiza (Tucum\u00e1n 2663) A las 10:00 hs. del d\u00eda jueves se realizar\u00e1 en el lugar de juego la inscripci\u00f3n de los colegios participantes, el sorteo e&#8230; <a class=\"more-link\" href=\"https:\/\/colproba.org.ar\/wp\/deportivas2023\/pelota-paleta\/\">Seguir leyendo &rarr;<\/a><\/p>\n","protected":false},"author":1,"featured_media":0,"parent":0,"menu_order":0,"comment_status":"closed","ping_status":"closed","template":"","meta":{"_bbp_topic_count":0,"_bbp_reply_count":0,"_bbp_total_topic_count":0,"_bbp_total_reply_count":0,"_bbp_voice_count":0,"_bbp_anonymous_reply_count":0,"_bbp_topic_count_hidden":0,"_bbp_reply_count_hidden":0,"_bbp_forum_subforum_count":0,"footnotes":""},"class_list":["post-118","page","type-page","status-publish","hentry"],"_links":{"self":[{"href":"https:\/\/colproba.org.ar\/wp\/deportivas2023\/wp-json\/wp\/v2\/pages\/118","targetHints":{"allow":["GET"]}}],"collection":[{"href":"https:\/\/colproba.org.ar\/wp\/deportivas2023\/wp-json\/wp\/v2\/pages"}],"about":[{"href":"https:\/\/colproba.org.ar\/wp\/deportivas2023\/wp-json\/wp\/v2\/types\/page"}],"author":[{"embeddable":true,"href":"https:\/\/colproba.org.ar\/wp\/deportivas2023\/wp-json\/wp\/v2\/users\/1"}],"replies":[{"embeddable":true,"href":"https:\/\/colproba.org.ar\/wp\/deportivas2023\/wp-json\/wp\/v2\/comments?post=118"}],"version-history":[{"count":4,"href":"https:\/\/colproba.org.ar\/wp\/deportivas2023\/wp-json\/wp\/v2\/pages\/118\/revisions"}],"predecessor-version":[{"id":269,"href":"https:\/\/colproba.org.ar\/wp\/deportivas2023\/wp-json\/wp\/v2\/pages\/118\/revisions\/269"}],"wp:attachment":[{"href":"https:\/\/colproba.org.ar\/wp\/deportivas2023\/wp-json\/wp\/v2\/media?parent=118"}],"curies":[{"name":"wp","href":"https:\/\/api.w.org\/{rel}","templated":true}]}}