{"id":36,"date":"2022-11-08T11:45:49","date_gmt":"2022-11-08T14:45:49","guid":{"rendered":"https:\/\/colproba.org.ar\/wp\/deportivas2022\/?page_id=36"},"modified":"2022-11-08T11:45:49","modified_gmt":"2022-11-08T14:45:49","slug":"pelota-paleta","status":"publish","type":"page","link":"https:\/\/colproba.org.ar\/wp\/deportivas2022\/pelota-paleta\/","title":{"rendered":"Pelota Paleta"},"content":{"rendered":"<p><strong>D\u00eda:<\/strong> Jueves<\/p>\n<p><strong>Lugar de juego:<\/strong> Club Urquiza (Tucum\u00e1n 2663)<\/p>\n<p><strong>Horario: <\/strong>A las 10:00 hs. del d\u00eda jueves se realizar\u00e1 en el lugar de juego la inscripci\u00f3n de los colegios participantes, el sorteo e inicio de la competencia. Cabeza de serie 2022.\u00a0 1\u00ba Lomas 2\u00ba Mercedes<\/p>\n<p>Los partidos se juegan a dos sets de 12 puntos y uno m\u00e1s en caso de ser necesario a 7 puntos. En dos d\u00edas de competencia, jueves y viernes.<\/p>\n<p>DOS EQUIPOS POR COLEGIO. SE ENFRENTAN EN SEMIFINALES EN CASO DE SER NECESARIO.<\/p>\n<p>SI ES UNA UNICA ZONA JUEGAN EL PRIMER PARTIDO.<\/p>\n<p>CADA EQUIPO TRES JUGADORES. JUEGA CUALQUIERA DE LOS TRES. SE PUEDE CAMBIAR AL JUGADOR UNA VEZ INICIADO EL PARTIDO, SOLO UN CAMBIO POR PARTIDO.<\/p>\n","protected":false},"excerpt":{"rendered":"<p>D\u00eda: Jueves Lugar de juego: Club Urquiza (Tucum\u00e1n 2663) Horario: A las 10:00 hs. del d\u00eda jueves se realizar\u00e1 en el lugar de juego la inscripci\u00f3n de los colegios participantes, el sorteo e inicio de la competencia. Cabeza de serie&#8230; <a class=\"more-link\" href=\"https:\/\/colproba.org.ar\/wp\/deportivas2022\/pelota-paleta\/\">Seguir leyendo &rarr;<\/a><\/p>\n","protected":false},"author":1,"featured_media":0,"parent":0,"menu_order":0,"comment_status":"closed","ping_status":"closed","template":"","meta":{"_bbp_topic_count":0,"_bbp_reply_count":0,"_bbp_total_topic_count":0,"_bbp_total_reply_count":0,"_bbp_voice_count":0,"_bbp_anonymous_reply_count":0,"_bbp_topic_count_hidden":0,"_bbp_reply_count_hidden":0,"_bbp_forum_subforum_count":0,"footnotes":""},"class_list":["post-36","page","type-page","status-publish","hentry"],"_links":{"self":[{"href":"https:\/\/colproba.org.ar\/wp\/deportivas2022\/wp-json\/wp\/v2\/pages\/36","targetHints":{"allow":["GET"]}}],"collection":[{"href":"https:\/\/colproba.org.ar\/wp\/deportivas2022\/wp-json\/wp\/v2\/pages"}],"about":[{"href":"https:\/\/colproba.org.ar\/wp\/deportivas2022\/wp-json\/wp\/v2\/types\/page"}],"author":[{"embeddable":true,"href":"https:\/\/colproba.org.ar\/wp\/deportivas2022\/wp-json\/wp\/v2\/users\/1"}],"replies":[{"embeddable":true,"href":"https:\/\/colproba.org.ar\/wp\/deportivas2022\/wp-json\/wp\/v2\/comments?post=36"}],"version-history":[{"count":1,"href":"https:\/\/colproba.org.ar\/wp\/deportivas2022\/wp-json\/wp\/v2\/pages\/36\/revisions"}],"predecessor-version":[{"id":37,"href":"https:\/\/colproba.org.ar\/wp\/deportivas2022\/wp-json\/wp\/v2\/pages\/36\/revisions\/37"}],"wp:attachment":[{"href":"https:\/\/colproba.org.ar\/wp\/deportivas2022\/wp-json\/wp\/v2\/media?parent=36"}],"curies":[{"name":"wp","href":"https:\/\/api.w.org\/{rel}","templated":true}]}}