{"id":41,"date":"2019-10-30T17:47:27","date_gmt":"2019-10-30T17:47:27","guid":{"rendered":"http:\/\/colproba.org.ar\/wp\/deportivas2019\/?page_id=41"},"modified":"2019-11-15T16:49:28","modified_gmt":"2019-11-15T16:49:28","slug":"bowling","status":"publish","type":"page","link":"https:\/\/colproba.org.ar\/wp\/deportivas2019\/bowling\/","title":{"rendered":"Bowling"},"content":{"rendered":"<p><span style=\"text-decoration: underline;\">RESULTADOS:<\/span><\/p>\n<ul>\n<li><strong>POR EQUIPOS:<\/strong><\/li>\n<\/ul>\n<ol>\n<li><strong>La Matanza &#8211; 939<\/strong><\/li>\n<li><strong>San Nicolas &#8211; 877<\/strong><\/li>\n<li>Necochea &#8211; 835<\/li>\n<li>Azul &#8211; 805<\/li>\n<li>Mercedes &#8211; 804<\/li>\n<li>Moron &#8211; 788<\/li>\n<li>Lomas de Zamora &#8211; 777<\/li>\n<li>San Isidro &#8211; 709<\/li>\n<li>La Plata &#8211; 652<\/li>\n<li>Junin &#8211; 646<\/li>\n<li>Quilmes &#8211; 646<\/li>\n<li>Mar del Plata &#8211; 642<\/li>\n<li>San Martin &#8211; 637<\/li>\n<li>Moreno-General Rodr\u00edguez &#8211; 629<\/li>\n<li>Pergamino &#8211; 590<\/li>\n<\/ol>\n<ul>\n<li><strong><span style=\"text-decoration: underline;\">INDIVIDUAL:<\/span><\/strong><\/li>\n<\/ul>\n<ol>\n<li><strong>\u00a0La Matanza<\/strong> (Sr. Edmundo- 343 ptos )<\/li>\n<li><strong>San Nicol\u00e1s\u00a0<\/strong>(Sr. Omar &#8211; 312 ptos)<\/li>\n<\/ol>\n<p>&nbsp;<\/p>\n<p>&nbsp;<\/p>\n<p><strong>D\u00eda:<\/strong> Jueves 8 de noviembre<br \/>\n<strong>Lugar de Juego:<\/strong> Club Urquiza &#8211; Tucum\u00e1n 2663<br \/>\n<strong>Horario:<\/strong> Tres tandas <strong>Importante:<\/strong> Ver Reglamento de Juego<\/p>\n<table>\n<tbody>\n<tr>\n<td style=\"text-align: center;\" bgcolor=\"#d7d7d7\">Grupo A<br \/>\n<strong> 17 hs<\/strong><\/td>\n<td style=\"text-align: center;\" bgcolor=\"#d7d7d7\">Grupo B<br \/>\n18.30 hrs.<\/td>\n<td style=\"text-align: center;\" bgcolor=\"#d7d7d7\">Grupo C<br \/>\n20 horas<\/td>\n<td style=\"text-align: center;\" bgcolor=\"#d7d7d7\">Grupo D<br \/>\n21.30 horas<\/td>\n<\/tr>\n<tr>\n<td style=\"text-align: center;\">Necochea<\/td>\n<td style=\"text-align: center;\">Lomas de Zamora<\/td>\n<td style=\"text-align: center;\">Moreno &#8211; Gral Rodriguez<\/td>\n<td style=\"text-align: center;\">San Mart\u00edn<\/td>\n<\/tr>\n<tr>\n<td style=\"text-align: center;\">Bahia Blanca<\/td>\n<td style=\"text-align: center;\">San Isidro<\/td>\n<td style=\"text-align: center;\">La Plata<\/td>\n<td style=\"text-align: center;\">San Nicol\u00e1s<\/td>\n<\/tr>\n<tr>\n<td style=\"text-align: center;\">Mar del Plata<\/td>\n<td style=\"text-align: center;\">Mercedes<\/td>\n<td style=\"text-align: center;\">La Matanza<\/td>\n<td style=\"text-align: center;\">Avellaneda Lanus<\/td>\n<\/tr>\n<tr>\n<td style=\"text-align: center;\">Jun\u00edn<\/td>\n<td style=\"text-align: center;\">Mor\u00f3n<\/td>\n<td style=\"text-align: center;\">Trenque Lauquen<\/td>\n<td style=\"text-align: center;\">Dolores<\/td>\n<\/tr>\n<tr>\n<td style=\"text-align: center;\">Quilmes<\/td>\n<td style=\"text-align: center;\">Azul<\/td>\n<td style=\"text-align: center;\">Zarate Campana<\/td>\n<td style=\"text-align: center;\">Pergamino<\/td>\n<\/tr>\n<tr>\n<td style=\"text-align: center;\"><\/td>\n<td style=\"text-align: center;\"><\/td>\n<td style=\"text-align: center;\"><\/td>\n<td style=\"text-align: center;\"><\/td>\n<\/tr>\n<\/tbody>\n<\/table>\n<p>&nbsp;<\/p>\n<p><strong><u>REGLAMENTO BOWLING<\/u><\/strong><\/p>\n<ul>\n<li>Se jugara por tr\u00edos (cada colegio podr\u00e1 presentar solo un tr\u00edo de jugadores y un cuarto jugador)<\/li>\n<li>Cada tr\u00edo estar\u00e1 integrado por 3 jugadores del colegio a que representen (mostrar CREDENCIAL). Podr\u00e1 utilizar un cuarto jugador<\/li>\n<li>El trio inscripto puede ser reemplazado por otro jugador una vez iniciado el torneo<\/li>\n<li>Se jugaran 9 l\u00edneas por tr\u00edo, de las cuales cada jugador del tr\u00edo tirar\u00e1 3 l\u00edneas, sin perjuicio de los cambios que puedan existir.<\/li>\n<li>Campe\u00f3n: el tr\u00edo que sume m\u00e1s palos en las 9 l\u00edneas disputadas.<\/li>\n<li>Campe\u00f3n individual: el jugador que sume m\u00e1s palos sumadas las\u00a0 3 l\u00edneas que haya tirado individualmente.<\/li>\n<li>Si alg\u00fan equipo no completa el tr\u00edo por faltar un jugador, en los casilleros de ese jugador se anotar\u00e1 6 palos por casillero, y as\u00ed ser\u00e1 hasta que llegue y re reincorpore el jugador faltante. Si esto no sucede, terminar\u00e1 con un puntaje de 60 palos.<\/li>\n<li>El tr\u00edo que no complete al menos dos jugadores ser\u00e1 descalificado.<\/li>\n<li>Se dar\u00e1 una tolerancia de 20 minutos (inapelable) para comenzar a jugar la primera l\u00ednea, al equipo que no complete los tres participantes.<\/li>\n<li>Cada tr\u00edo jugara tres l\u00edneas en cada par de canchas (en clubes con 6 canchas).<\/li>\n<li>En cada par de canchas, jugaran dos colegios contempor\u00e1neamente, tirando un jugador de uno de los colegios en una cancha y otro jugador de otro colegio en la cancha que est\u00e1 a su lado y forma el par de esta.<\/li>\n<li>Cada jugador tirara tres bochas para intentar derribar los 10 palos que se encuentran parados al final de la misma, respetando el siguiente orden: a) primero tirara su primer bocha (una vez que la maquina o palero hayan terminado de pararlos completamente) el jugador de la derecha (de las dos canchas) y luego tirara su primer bocha el de la izquierda, y as\u00ed con la segunda y tercer bochas (siempre que no haya marcado alguno stryke o medio stryke).-<\/li>\n<li>\u00a0Culminadas las primeras tres l\u00edneas en el par de canchas que le tocaron (por sorteo previo del coordinador) a los dos colegios que tiraran juntos, comenzaran las segundas l\u00edneas en el par de canchas que est\u00e9n a la derecha de las que acaban de participar.<\/li>\n<li>Para anotar en la planilla se contara literalmente lo que marque la maquina parapalos, salvo que exista parapalos manual. En este \u00faltimo caso se contara seg\u00fan las normas de juego comunes y\u00a0 seg\u00fan lo que realmente en la pedana.<\/li>\n<li>El jugador que pase la l\u00ednea de full marcada en la peana, cometer\u00e1 falta y se anularan los palos que haya derribado con ese tiro, volvi\u00e9ndolos a parar en la forma que se encontraban antes de dicho tiro.<\/li>\n<li>Se debe respetar el silencio, cuando el adversario de la cancha de paralela este por hacer su tiro.<\/li>\n<li>No se puede picar la bocha tir\u00e1ndola de aire.<\/li>\n<li>La bocha que cae a la canaleta y vuelve a subir a la pedana es nula. No se contaran los palos derribados. Se vuelven a parar como se encontraban antes de dicho tiro.<\/li>\n<li>Terminadas las nueve l\u00edneas, se entraran las planillas al coordinador a fin de contabilice los palos que cada colegio a derribado en el juego.<\/li>\n<li>Ante cualquier divergencia, ser\u00e1 el coordinador quien posea la decisi\u00f3n final y tenga la \u00faltima palabra.<\/li>\n<\/ul>\n","protected":false},"excerpt":{"rendered":"<p>RESULTADOS: POR EQUIPOS: La Matanza &#8211; 939 San Nicolas &#8211; 877 Necochea &#8211; 835 Azul &#8211; 805 Mercedes &#8211; 804 Moron &#8211; 788 Lomas de Zamora &#8211; 777 San Isidro &#8211; 709 La Plata &#8211; 652 Junin &#8211; 646 Quilmes &#8211; 646 Mar del Plata &#8211; 642 San Martin &#8211; 637 Moreno-General Rodr\u00edguez &#8211; 629 &hellip; <a href=\"https:\/\/colproba.org.ar\/wp\/deportivas2019\/bowling\/\" class=\"more-link\">Seguir leyendo <span class=\"screen-reader-text\">Bowling<\/span> <span class=\"meta-nav\">&rarr;<\/span><\/a><\/p>\n","protected":false},"author":1,"featured_media":0,"parent":0,"menu_order":0,"comment_status":"closed","ping_status":"closed","template":"","meta":{"_bbp_topic_count":0,"_bbp_reply_count":0,"_bbp_total_topic_count":0,"_bbp_total_reply_count":0,"_bbp_voice_count":0,"_bbp_anonymous_reply_count":0,"_bbp_topic_count_hidden":0,"_bbp_reply_count_hidden":0,"_bbp_forum_subforum_count":0,"footnotes":""},"class_list":["post-41","page","type-page","status-publish","hentry"],"_links":{"self":[{"href":"https:\/\/colproba.org.ar\/wp\/deportivas2019\/wp-json\/wp\/v2\/pages\/41","targetHints":{"allow":["GET"]}}],"collection":[{"href":"https:\/\/colproba.org.ar\/wp\/deportivas2019\/wp-json\/wp\/v2\/pages"}],"about":[{"href":"https:\/\/colproba.org.ar\/wp\/deportivas2019\/wp-json\/wp\/v2\/types\/page"}],"author":[{"embeddable":true,"href":"https:\/\/colproba.org.ar\/wp\/deportivas2019\/wp-json\/wp\/v2\/users\/1"}],"replies":[{"embeddable":true,"href":"https:\/\/colproba.org.ar\/wp\/deportivas2019\/wp-json\/wp\/v2\/comments?post=41"}],"version-history":[{"count":6,"href":"https:\/\/colproba.org.ar\/wp\/deportivas2019\/wp-json\/wp\/v2\/pages\/41\/revisions"}],"predecessor-version":[{"id":114,"href":"https:\/\/colproba.org.ar\/wp\/deportivas2019\/wp-json\/wp\/v2\/pages\/41\/revisions\/114"}],"wp:attachment":[{"href":"https:\/\/colproba.org.ar\/wp\/deportivas2019\/wp-json\/wp\/v2\/media?parent=41"}],"curies":[{"name":"wp","href":"https:\/\/api.w.org\/{rel}","templated":true}]}}