{"id":204,"date":"2018-10-31T12:16:34","date_gmt":"2018-10-31T12:16:34","guid":{"rendered":"http:\/\/colproba.org.ar\/wp\/deportivas2018\/?page_id=204"},"modified":"2019-11-13T18:08:12","modified_gmt":"2019-11-13T18:08:12","slug":"medallero","status":"publish","type":"page","link":"https:\/\/colproba.org.ar\/wp\/deportivas2018\/medallero\/","title":{"rendered":"Medallero"},"content":{"rendered":"<table id=\"tablainfo\">\n<tbody>\n<tr id=\"datopal\">\n<td>\n<h3>Colegio<\/h3>\n<\/td>\n<td><\/td>\n<td>\n<h3>Puntos<\/h3>\n<\/td>\n<\/tr>\n<tr id=\"datopal\">\n<td><b>Puntos Jugados<\/b><\/td>\n<td><\/td>\n<td><b>6725<\/b><\/td>\n<\/tr>\n<tr id=\"datopal\">\n<td colspan=\"3\">\n<hr \/>\n<\/td>\n<\/tr>\n<tr id=\"datopal\">\n<td>Lomas de Zamora<\/td>\n<td><\/td>\n<td>1240<\/td>\n<\/tr>\n<tr id=\"datopal\">\n<td>La Plata<\/td>\n<td><\/td>\n<td>1230<\/td>\n<\/tr>\n<tr id=\"datopal\">\n<td>San Isidro<\/td>\n<td><\/td>\n<td>1010<\/td>\n<\/tr>\n<tr id=\"datopal\">\n<td>San Mart\u00edn<\/td>\n<td><\/td>\n<td>480<\/td>\n<\/tr>\n<tr id=\"datopal\">\n<td>Mercedes<\/td>\n<td><\/td>\n<td>450<\/td>\n<\/tr>\n<tr id=\"datopal\">\n<td>Quilmes<\/td>\n<td><\/td>\n<td>400<\/td>\n<\/tr>\n<tr id=\"datopal\">\n<td>San Nicol\u00e1s<\/td>\n<td><\/td>\n<td>325<\/td>\n<\/tr>\n<tr id=\"datopal\">\n<td>Avellaneda Lanus<\/td>\n<td><\/td>\n<td>230<\/td>\n<\/tr>\n<tr id=\"datopal\">\n<td>Azul<\/td>\n<td><\/td>\n<td>210<\/td>\n<\/tr>\n<tr id=\"datopal\">\n<td>La Matanza<\/td>\n<td><\/td>\n<td>210<\/td>\n<\/tr>\n<tr id=\"datopal\">\n<td>Mar del Plata<\/td>\n<td><\/td>\n<td>190<\/td>\n<\/tr>\n<tr id=\"datopal\">\n<td>Pergamino<\/td>\n<td><\/td>\n<td>190<\/td>\n<\/tr>\n<tr id=\"datopal\">\n<td>Mor\u00f3n<\/td>\n<td><\/td>\n<td>170<\/td>\n<\/tr>\n<tr id=\"datopal\">\n<td>Necochea<\/td>\n<td><\/td>\n<td>170<\/td>\n<\/tr>\n<tr id=\"datopal\">\n<td>Bah\u00eda Blanca<\/td>\n<td><\/td>\n<td>60<\/td>\n<\/tr>\n<tr id=\"datopal\">\n<td>Trenque Lauquen<\/td>\n<td><\/td>\n<td>60<\/td>\n<\/tr>\n<tr id=\"datopal\">\n<td>Moreno &#8211; Gral. Rodriguez<\/td>\n<td><\/td>\n<td>60<\/td>\n<\/tr>\n<tr id=\"datopal\">\n<td>Zarate-Campana<\/td>\n<td><\/td>\n<td>30<\/td>\n<\/tr>\n<tr id=\"datopal\">\n<td>Dolores<\/td>\n<td><\/td>\n<td>10<\/td>\n<\/tr>\n<tr id=\"datopal\">\n<td>Jun\u00edn<\/td>\n<td><\/td>\n<td>0<\/td>\n<\/tr>\n<\/tbody>\n<\/table>\n","protected":false},"excerpt":{"rendered":"<p>Colegio Puntos Puntos Jugados 6725 Lomas de Zamora 1240 La Plata 1230 San Isidro 1010 San Mart\u00edn 480 Mercedes 450 Quilmes 400 San Nicol\u00e1s 325 Avellaneda Lanus 230 Azul 210 La Matanza 210 Mar del Plata 190 Pergamino 190 Mor\u00f3n 170 Necochea 170 Bah\u00eda Blanca 60 Trenque Lauquen 60 Moreno &#8211; Gral. Rodriguez 60 Zarate-Campana &hellip; <a href=\"https:\/\/colproba.org.ar\/wp\/deportivas2018\/medallero\/\" class=\"more-link\">Seguir leyendo <span class=\"screen-reader-text\">Medallero<\/span> <span class=\"meta-nav\">&rarr;<\/span><\/a><\/p>\n","protected":false},"author":1,"featured_media":0,"parent":0,"menu_order":0,"comment_status":"closed","ping_status":"closed","template":"","meta":{"_bbp_topic_count":0,"_bbp_reply_count":0,"_bbp_total_topic_count":0,"_bbp_total_reply_count":0,"_bbp_voice_count":0,"_bbp_anonymous_reply_count":0,"_bbp_topic_count_hidden":0,"_bbp_reply_count_hidden":0,"_bbp_forum_subforum_count":0,"footnotes":""},"class_list":["post-204","page","type-page","status-publish","hentry"],"_links":{"self":[{"href":"https:\/\/colproba.org.ar\/wp\/deportivas2018\/wp-json\/wp\/v2\/pages\/204","targetHints":{"allow":["GET"]}}],"collection":[{"href":"https:\/\/colproba.org.ar\/wp\/deportivas2018\/wp-json\/wp\/v2\/pages"}],"about":[{"href":"https:\/\/colproba.org.ar\/wp\/deportivas2018\/wp-json\/wp\/v2\/types\/page"}],"author":[{"embeddable":true,"href":"https:\/\/colproba.org.ar\/wp\/deportivas2018\/wp-json\/wp\/v2\/users\/1"}],"replies":[{"embeddable":true,"href":"https:\/\/colproba.org.ar\/wp\/deportivas2018\/wp-json\/wp\/v2\/comments?post=204"}],"version-history":[{"count":2,"href":"https:\/\/colproba.org.ar\/wp\/deportivas2018\/wp-json\/wp\/v2\/pages\/204\/revisions"}],"predecessor-version":[{"id":327,"href":"https:\/\/colproba.org.ar\/wp\/deportivas2018\/wp-json\/wp\/v2\/pages\/204\/revisions\/327"}],"wp:attachment":[{"href":"https:\/\/colproba.org.ar\/wp\/deportivas2018\/wp-json\/wp\/v2\/media?parent=204"}],"curies":[{"name":"wp","href":"https:\/\/api.w.org\/{rel}","templated":true}]}}