{"id":27,"date":"2015-10-14T17:51:14","date_gmt":"2015-10-14T17:51:14","guid":{"rendered":"http:\/\/colproba.org.ar\/wp\/deportivas2015\/?page_id=27"},"modified":"2015-10-14T17:51:14","modified_gmt":"2015-10-14T17:51:14","slug":"bola-8-2","status":"publish","type":"page","link":"https:\/\/colproba.org.ar\/wp\/deportivas2015\/bola-8-2\/","title":{"rendered":"Bola 8"},"content":{"rendered":"<p>1. Objetivo del juego<\/p>\n<p>En Bola 8 es requisito anunciar el tiro (qu\u00e9 bola se desea meter, y d\u00f3nde), y se juega con una bola blanca y quince de color, numeradas del 1 al 15. Un jugador debe entronerar las bolas del grupo numerado del 1 al 7 (lisas) y el otro lo har\u00e1 con las del 9 al 15 (rayadas). El jugador que antes entronere todas las bolas de su grupo, y tras esto la negra, gana el juego.<\/p>\n<p>2. Tiro anunciado<\/p>\n<p>En un tiro anunciado, para entronerar legalmente una bola de color, el jugador debe indicar se\u00f1alando f\u00edsicamente o de forma verbal antes de cada tiro, la bola que pretende entronerar y la tronera donde dirigir\u00e1 la bola. (Al anunciar el tiro nunca ser\u00e1 necesario indicar detalles como el n\u00famero de bandas, carambola, antes banda, etc.) No designar la tronera o no entronerar la bola donde se ha indicado es p\u00e9rdida de turno pero no es falta, las bolas obvias no tienen porque ser anunciadas, las combinaciones y tiros por banda no son considerados obvios.<\/p>\n<p>Si la bola de color es entronerada tal como se anunci\u00f3, cualquier otra bola o bolas de color entroneradas se consideran legalmente entroneradas.<\/p>\n<p>Si la bola de color anunciada no es legalmente entronerada pero como consecuencia del tiro otras de color si lo son, todas estas bolas (de cualquier color), permanecer\u00e1n entroneradas.<\/p>\n<p>Por razones t\u00e1cticas un jugador puede escoger entronerar una bola obvia de su grupo y perder el turno, para lo que deber\u00e1 anunciar a su oponente \u00abseguridad\u00bb, \u00abno hay\u00bb, \u00ablibre\u00bb, \u00abnada\u00bb o algo similar antes de efectuar el tiro, este tiro de seguridad es un tiro legal. Si no anunciara seguridad antes y embocara una bola obvia se considera tiro anunciado y deber\u00e1 continuar tirando. Cualquier bola entronerada en un tiro de seguridad, continuar\u00e1 entronerada.<\/p>\n<p>3. Tri\u00e1ngulo<\/p>\n<p><img decoding=\"async\" src=\"http:\/\/www.colproba.org.ar\/deporte2011\/images\/stories\/bolaocho.png\" alt=\"\" border=\"0\" \/><\/p>\n<p>Para el inicio de la partida las bolas se colocan en el tri\u00e1ngulo con la primera bola sobre el punto de pie, la bola ocho en el centro del tri\u00e1ngulo y una bola lisa y otra rayada en cada extremo indistintamente, sin importar el orden de las dem\u00e1s bolas.<\/p>\n<p>4. Tiro de apertura<\/p>\n<p>El primer tiro de apertura del enfrentamiento se adjudica mediante punteo sobre la banda corta contraria, ambos jugadores lo har\u00e1n con una bola distinta cada uno de ellos, ganando el derecho de elecci\u00f3n de salida el jugador que se acerque m\u00e1s a la banda corta de llegada.<\/p>\n<p>En competiciones individuales el derecho de apertura para los juegos siguientes al primero ser\u00e1 decidido por la organizaci\u00f3n (el ganador, el perdedor o alternativo) comunicado con anterioridad a la competici\u00f3n.<\/p>\n<p>5. Mesa abierta<\/p>\n<p>La mesa se considera \u00ababierta\u00bb cuando la elecci\u00f3n del grupo de bolas (lisas o rayadas), a\u00fan no ha sido hecha, estando permitido en dicha situaci\u00f3n dirigir la bola blanca contra una lisa para entronerar una rayada, o viceversa.<\/p>\n<p>La mesa se considerar\u00e1 abierta inmediatamente despu\u00e9s del tiro de apertura. Cuando la mesa est\u00e1 abierta est\u00e1 permitido contactar primero con la bola 8 para entronerar una lisa o una rayada.<\/p>\n<p>6. Bola 8 entronerada en el tiro de apertura<\/p>\n<p>Entronerar la bola 8 en el tiro de apertura no significa perder ni ganar la partida, sino que el mismo jugador podr\u00e1 decidir si vuelve a empezar el juego o simplemente se repone la bola 8 en la mesa, tirando en ambos casos el mismo jugador.<\/p>\n<p>7. Tiro de apertura legal<\/p>\n<p>Para ejecutar un tiro de apertura legal el jugador, con la bola blanca detr\u00e1s de la l\u00ednea de cabeza, debe:<\/p>\n<p>a) Entronerar una bola.<\/p>\n<p>b) Tocar banda con cuatro bolas de color.<\/p>\n<p>De no conseguir alcanzar alguno de los dos objetivos indicados en los puntos a) y b), el jugador no incurrir\u00e1 en falta, pero su oponente tendr\u00e1 la opci\u00f3n de:<\/p>\n<p>a) Aceptar la mesa en la posici\u00f3n que est\u00e9 y tirar.<\/p>\n<p>b) Volver a colocar las bolas en el tri\u00e1ngulo y realizar el tiro de apertura \u00e9l mismo.<\/p>\n<p>No es obligatorio dirigir la bola blanca en primer lugar contra la bola m\u00e1s adelantada situada en el punto de pie.<\/p>\n<p>8. Bola blanca entronerada en tiro de apertura legal<\/p>\n<p>Si un jugador entronera la bola blanca en un tiro de apertura legal, todas las bolas entroneradas permanecen como tales, excepci\u00f3n hecha de la bola 8 que ser\u00e1 repuesta nuevamente en la mesa; ante dicha circunstancia la mesa queda en situaci\u00f3n de abierta.<\/p>\n<p>Como consecuencia del punto anterior, el jugador contrario obtiene bola blanca en mano detr\u00e1s de la l\u00ednea de cabeza, quedando impedido de tirar a cualquier bola situada detr\u00e1s de dicha l\u00ednea, salvo que dirija la bola blanca hacia alg\u00fan punto por delante de la l\u00ednea de cabeza para contactar posteriormente con la bola de color.<\/p>\n<p>9. Ausencia de falta por situaci\u00f3n de la bola blanca fuera de la l\u00ednea de cabeza<\/p>\n<p>Si el jugador en turno coloca la bola blanca delante de la l\u00ednea de cabeza, el \u00e1rbitro o el oponente deben requerir al jugador que sit\u00fae la bola blanca detr\u00e1s de la l\u00ednea. No existir\u00e1 falta si el jugador cumple entonces con el requisito, o posteriormente, si tal requisito no se le exigi\u00f3 (la base de la bola blanca determina si \u00e9sta se encuentra dentro o fuera de la l\u00ednea de cabeza).<\/p>\n<p>La base de la bola en relaci\u00f3n a la l\u00ednea de cabeza determina si \u00e9sta es o no jugable. Espec\u00edficamente, la base de la bola debe estar detr\u00e1s de la l\u00ednea de cabeza para ser jugable, en caso de duda el jugador deber\u00e1 consultar con el \u00e1rbitro.<\/p>\n<p>10. Tiro legal<\/p>\n<p>Con excepci\u00f3n del tiro de apertura y de aquellos en los que la mesa todav\u00eda permanece abierta, el jugador en turno debe contactar primero con una bola de su grupo, bien por ataque directo o bien jugando primeramente por banda, y despu\u00e9s:<\/p>\n<p>a) Entronerar una bola de color.<\/p>\n<p>b) Que la bola blanca o una de color contacten con una banda.<\/p>\n<p>11. Elecci\u00f3n de grupo<\/p>\n<p>La elecci\u00f3n de lisas o rayadas no se determina en el tiro de apertura, incluso en aquellos casos que sean entroneradas varias bolas, de uno o dos grupos.<\/p>\n<p>La elecci\u00f3n de grupo queda determinada s\u00f3lo cuando un jugador entronera legalmente una bola de color tras el tiro de apertura, en un tiro anunciado.<\/p>\n<p>12. Anotaci\u00f3n<\/p>\n<p>Un jugador continuar\u00e1 tirando hasta que deje de entronerar legalmente bolas de su grupo.<\/p>\n<p>Despu\u00e9s de que un jugador haya entronerado legalmente todas las bolas de su grupo podr\u00e1 entronerar la bola 8.<\/p>\n<p>13. Faltas<\/p>\n<p>Ser\u00e1n consideradas como faltas las jugadas siguientes:<\/p>\n<p>a) Fallo en ejecutar un tiro legal tal como se ha definido anteriormente.<\/p>\n<p>b) Entronerar o hacer saltar fuera de la mesa la bola blanca.<\/p>\n<p>c) Entronerar o hacer saltar fuera de la mesa la bola blanca en un tiro de apertura legal.<\/p>\n<p>d) Tirar sin tener por lo menos un pie en el suelo.<\/p>\n<p>e) Mover o tocar cualquier bola fuera del golpe de ejecuci\u00f3n.<\/p>\n<p>f) Hacer saltar la bola blanca por encima de otra golpe\u00e1ndola con el taco por debajo de su centro, (no se comete falta si accidentalmente y como consecuencia de una \u00abpifia\u00bb se provoca que la bola blanca se eleve sobre la superficie de la mesa; de igual forma se considera legal un salto de bola blanca cuando la ejecuci\u00f3n del golpe se realiza levantando la culata del taco y golpeando a la bola por encima de su centro).<\/p>\n<p>g) Si en competiciones (ligas o torneos), el componente de un equipo aconseja a otro de su mismo equipo en la consecuci\u00f3n de alguna jugada.<\/p>\n<p>h) Hacer saltar fuera del billar cualquier bola a excepci\u00f3n de la negra, que ser\u00e1 p\u00e9rdida de la partida.<\/p>\n<p>f) Ser\u00e1 considerada como falta del jugador que durante el transcurso de la partida suene su m\u00f3vil. Si el jugador est\u00e1 en juego perder\u00e1 el turno. Si el turno es del jugador contrario y ya ha efectuado el tiro, el siguiente lo hara con bola en mano. Si el tiro no ha sido realizado jugar\u00e1 con bola en mano.<\/p>\n<p>14. Penalizaci\u00f3n por falta<\/p>\n<p>Cuando un jugador comete falta el adversario obtiene bola en mano. Esto significa que el jugador podr\u00e1 situar la bola blanca en cualquier parte de la mesa (no siendo obligada su colocaci\u00f3n detr\u00e1s de la l\u00ednea de cabeza salvo en el tiro de apertura).<\/p>\n<p>Con la condici\u00f3n de bola blanca en mano, el jugador puede situar la bola sobre la mesa con su mano (m\u00e1s de una vez si es necesario).<\/p>\n<p>Una vez colocada la bola, la flecha y la puntera del taco (se except\u00faa la suela), pueden ser tambi\u00e9n utilizadas para situar la bola blanca antes de tirar.<\/p>\n<p>15. Combinaciones<\/p>\n<p>Las combinaciones est\u00e1n permitidas, pero la bola 8 o las bolas del grupo contrario no pueden ser usadas como primera bola en la combinaci\u00f3n, excepto cuando la mesa est\u00e9 abierta.<\/p>\n<p>16. Bolas entroneradas ilegalmente<\/p>\n<p>Una bola de su grupo ser\u00e1 considerada entronerada ilegalmente cuando en el mismo tiro se cometa falta, que la bola de color designada sea entronerada en lugar distinto al indicado o que exista un aviso de \u00abseguridad\u00bb antes del tiro.<\/p>\n<p>Las bolas ilegalmente entroneradas permanecer\u00e1n entroneradas.<\/p>\n<p>17. Bolas de color expulsadas de la mesa<\/p>\n<p>Si alguna bola de color es impulsada fuera de la mesa, se considerar\u00e1 falta.<\/p>\n<p>Todas bolas que hubieran saltado fuera de la mesa de cualquier color ser\u00e1n repuestas sobre la mesa.<\/p>\n<p>18. Reposici\u00f3n de las bolas<\/p>\n<p>En aquellos casos en que una bola de color deba ser repuesta sobre la mesa, ser\u00e1 colocada en la l\u00ednea de pie detr\u00e1s y tan cerca como sea posible del punto de pie, debi\u00e9ndose ser colocada tocando cualquier otra bola que interfiera, excepto si se trata de la bola blanca.<\/p>\n<p>19. Bola pegada a la banda<\/p>\n<p>Cuando se ejecuta un tiro en el que la bola de su grupo est\u00e1 pegada a la banda, se tomar\u00e1 como base el art.\u00ba 10 teniendo en cuenta que la bola que est\u00e1 pegada no se considera su validez al jugar contra ella en su contacto con la banda, siendo sin embargo v\u00e1lida esta banda para la bola blanca despu\u00e9s de contactar con la de color y para esta de color si despu\u00e9s de contactar la blanca contra ella esta se separara claramente de la banda antes de volver a contactar.<\/p>\n<p>Una bola no se considerar\u00e1 pegada a banda, a menos que se examine por el \u00e1rbitro o uno de los jugadores y as\u00ed se indique antes de efectuar la jugada.<\/p>\n<p>20. Bola blanca en contacto<\/p>\n<p>Cuando la bola blanca se encuentra en contacto, con:<\/p>\n<p>a) Una bola de la serie jugadora.<\/p>\n<p>b) Una bola de la serie contraria.<\/p>\n<p>c) Con la bola negra.<\/p>\n<p>En el caso a), se podr\u00e1 tirar sobre la bola de su serie, estando aceptado el arrastre, en caso contrario ser\u00e1 falta y, se repone la bola entronerada si es de la serie jugadora, quedando entronerada si es de la serie contraria, en ambos casos, con bola en mano para el contrario.<\/p>\n<p>En el caso b), se deber\u00e1 tirar a banda o a otra bola. En caso de falta se aplicar\u00e1 lo especificado para el caso a).<\/p>\n<p>En el caso c), cuando la bola negra es la \u00faltima, ser\u00e1 de aplicaci\u00f3n el criterio para el caso a), si por el contrario, quedaran m\u00e1s bolas, deber\u00e1 aplicarse el criterio para el caso b).<\/p>\n<p>Ser\u00e1 considerada como falta intencionada, y por ello bola en mano para el contrario, el jugar directamente sobre una bola del contrario o sobre la negra indebidamente. Caso de reincidencia, tras haber sido advertido el jugador, se castigar\u00e1 con partida nula.<\/p>\n<p>21. Jugando la bola 8<\/p>\n<p>Cuando se juega sobre la bola 8, el jugador en turno debe designar claramente, bien de forma verbal o f\u00edsicamente, la tronera donde se va a intentar entronerarla, aun siendo obvio el destino de dicha bola.<\/p>\n<p>Si el jugador oponente o el \u00e1rbitro no entiende claramente cu\u00e1l es la tronera elegida por el tirador, deber\u00e1n preguntar antes de que \u00e9ste inicie el tiro.<\/p>\n<p>22. P\u00e9rdida del juego<\/p>\n<p>Un jugador pierde el juego si comete cualquiera de las siguientes infracciones:<\/p>\n<p>a) Cometer una falta al entronerar la bola 8.<\/p>\n<p>b) Entronerar la bola 8 en el mismo tiro que la \u00faltima bola de su grupo.<\/p>\n<p>c) Hacer saltar la bola 8 fuera de la mesa en cualquier momento de la partida, excepto en el tiro de apertura.<\/p>\n<p>d) Entronerar la bola 8 en tronera distinta a la designada.<\/p>\n<p>e) Entronerar la bola 8 cuando todav\u00eda queden bolas de su grupo.<\/p>\n<p>f ) Entronerar la bola 8 y la bola blanca en el mismo tiro.<\/p>\n<p>23. Juego empatado<\/p>\n<p>Si ninguno de los dos jugadores intentase entronerar legalmente una bola durante tres turnos consecutivos (seis turnos entre ambos jugadores), el juego ser\u00e1 considerado como de empate, previa consulta a los jugadores y atendiendo siempre seg\u00fan criterio arbitral.<\/p>\n<p>Si ambos jugadores llegaran al acuerdo de que intentar mover o entronerar una bola de color podr\u00eda ser motivo de p\u00e9rdida inmediata del juego, podr\u00e1n pedir al \u00e1rbitro coloque todas las bolas en el tri\u00e1ngulo como al principio de la partida, volviendo a realizar el tiro de apertura el jugador que lo hiciera anteriormente.<\/p>\n<p>Tres faltas consecutivas por parte de un jugador no significan p\u00e9rdida de la partida.<\/p>\n<p>24. Descalificaci\u00f3n<\/p>\n<p>El Director Deportivo posee el derecho de descalificar de una competici\u00f3n a cualquier jugador con la subsiguiente p\u00e9rdida de todo derecho a premio en met\u00e1lico o cualquier otra clase de premio por conducta antideportiva o por uso de t\u00e1cticas en detrimento de la prueba.<\/p>\n<p>25. Consejos de los espectadores<\/p>\n<p>A los espectadores no les est\u00e1 permitido el aconsejar a ning\u00fan jugador durante la partida. Si despu\u00e9s de pedirle a un espectador, bien por el \u00e1rbitro o por el Director Deportivo, que depusiese su actitud, continuara haci\u00e9ndolo, el \u00e1rbitro deber\u00e1 pedirle que abandone el \u00e1rea del torneo.<\/p>\n<p>26. Tiempo m\u00e1ximo para tirar<\/p>\n<p>Cuando en opini\u00f3n del \u00e1rbitro un jugador est\u00e1 impidiendo la buena marcha del torneo o del juego con persistencia en el juego lento, podr\u00e1 amonestar al jugador y, a su discreci\u00f3n, imponer un tiempo l\u00edmite de un minuto entre tiros. Si a pesar de ello el jugador persistiera en su lentitud, se decretar\u00e1 falta, obteniendo el jugador contrario posici\u00f3n de bola en mano.<\/p>\n","protected":false},"excerpt":{"rendered":"<p>1. Objetivo del juego En Bola 8 es requisito anunciar el tiro (qu\u00e9 bola se desea meter, y d\u00f3nde), y se juega con una bola blanca y quince de color, numeradas del 1 al 15. Un jugador debe entronerar las bolas del grupo numerado del 1 al 7 (lisas) y el otro lo har\u00e1 con &hellip; <a href=\"https:\/\/colproba.org.ar\/wp\/deportivas2015\/bola-8-2\/\" class=\"more-link\">Seguir leyendo <span class=\"screen-reader-text\">Bola 8<\/span> <span class=\"meta-nav\">&rarr;<\/span><\/a><\/p>\n","protected":false},"author":1,"featured_media":0,"parent":0,"menu_order":0,"comment_status":"closed","ping_status":"closed","template":"","meta":{"_bbp_topic_count":0,"_bbp_reply_count":0,"_bbp_total_topic_count":0,"_bbp_total_reply_count":0,"_bbp_voice_count":0,"_bbp_anonymous_reply_count":0,"_bbp_topic_count_hidden":0,"_bbp_reply_count_hidden":0,"_bbp_forum_subforum_count":0,"footnotes":""},"class_list":["post-27","page","type-page","status-publish","hentry"],"_links":{"self":[{"href":"https:\/\/colproba.org.ar\/wp\/deportivas2015\/wp-json\/wp\/v2\/pages\/27","targetHints":{"allow":["GET"]}}],"collection":[{"href":"https:\/\/colproba.org.ar\/wp\/deportivas2015\/wp-json\/wp\/v2\/pages"}],"about":[{"href":"https:\/\/colproba.org.ar\/wp\/deportivas2015\/wp-json\/wp\/v2\/types\/page"}],"author":[{"embeddable":true,"href":"https:\/\/colproba.org.ar\/wp\/deportivas2015\/wp-json\/wp\/v2\/users\/1"}],"replies":[{"embeddable":true,"href":"https:\/\/colproba.org.ar\/wp\/deportivas2015\/wp-json\/wp\/v2\/comments?post=27"}],"version-history":[{"count":1,"href":"https:\/\/colproba.org.ar\/wp\/deportivas2015\/wp-json\/wp\/v2\/pages\/27\/revisions"}],"predecessor-version":[{"id":28,"href":"https:\/\/colproba.org.ar\/wp\/deportivas2015\/wp-json\/wp\/v2\/pages\/27\/revisions\/28"}],"wp:attachment":[{"href":"https:\/\/colproba.org.ar\/wp\/deportivas2015\/wp-json\/wp\/v2\/media?parent=27"}],"curies":[{"name":"wp","href":"https:\/\/api.w.org\/{rel}","templated":true}]}}