{"id":159,"date":"2013-10-21T12:20:01","date_gmt":"2013-10-21T12:20:01","guid":{"rendered":"http:\/\/colproba.org.ar\/wp\/deportivas2013\/?page_id=159"},"modified":"2013-10-31T18:26:17","modified_gmt":"2013-10-31T18:26:17","slug":"bowling","status":"publish","type":"page","link":"https:\/\/colproba.org.ar\/wp\/deportivas2013\/bowling\/","title":{"rendered":"Bowling"},"content":{"rendered":"<p>D\u00eda:\u00a0Jueves<\/p>\n<p>Lugar de Juego:\u00a0Club Urquiza &#8211; Tucum\u00e1n 2663<\/p>\n<p>Horario:\u00a0Tres tandas\u00a0\u00a0\u00a0 Importante: Ver Reglamento de Juego<\/p>\n<p><strong>Grupo A &#8211; 18Hs<br \/>\n<\/strong><\/p>\n<ul>\n<li>San Martin<\/li>\n<li>Necochea<\/li>\n<li>San Nicolas<\/li>\n<li>Moron<\/li>\n<li>La Plata<\/li>\n<\/ul>\n<p><strong>Grupo B &#8211; 20 Hs<br \/>\n<\/strong><\/p>\n<ul>\n<li>Lomas de Zamora<\/li>\n<li>Dolores<\/li>\n<li>Azul<\/li>\n<li>San Isidro<\/li>\n<li>Zarate Campana<\/li>\n<\/ul>\n<p><strong>Grupo C &#8211; 22Hs<br \/>\n<\/strong><\/p>\n<ul>\n<li>\u00a0Mercedes<\/li>\n<li>Pergamino<\/li>\n<li>Mar del Plata<\/li>\n<li>Quilmes<\/li>\n<li>Bahia Blanca<\/li>\n<\/ul>\n<p>&nbsp;<\/p>\n<p><strong>REGLAMENTO BOWLING<\/strong><\/p>\n<p>Se jugara por tr\u00edos (cada colegio podr\u00e1 presentar solo un tr\u00edo de jugadores)<br \/>\nCada tr\u00edo estar\u00e1 integrado por 3 jugadores del colegio a que representen (mostrar carn\u00e9 matricula).<br \/>\nSe jugaran 9 lineas por tr\u00edo, de las cuales cada jugar del tr\u00edo tirar\u00e1 3 l\u00edneas, sin perjuicio de los cambios que puedan existir.-<br \/>\nCampe\u00f3n: el tr\u00edo que sume mas palos en las 9 l\u00edneas disputadas.-<br \/>\nCampe\u00f3n individual: el jugador que sume mas palos sumadas las\u00a0 3 l\u00edneas que haya tirado individualmente.-<br \/>\nPueden hacerse cambios en los jugadores (ilimitados).-<br \/>\nLos cambios nunca podr\u00e1n efectuarse una vez\u00a0 comenzada a jugarse una l\u00ednea por el tr\u00edo.-<br \/>\nSi alg\u00fan equipo no completa el tr\u00edo por faltar un jugador, en los casilleros de ese jugador se anotar\u00e1 6 palos por casillero, y as\u00ed ser\u00e1 hasta que llegue y re reincorpore el jugador faltante. Si esto no sucede, terminar\u00e1 con un puntaje de 60 palos.-<br \/>\nEl tr\u00edo que no complete al menos dos jugadores ser\u00e1 descalificado.-<br \/>\nSe dar\u00e1 una tolerancia de 20 minutos (inapelable) para comenzar a jugar la primer l\u00ednea, al equipo que no complete los tres participantes.-<\/p>\n<p>Desarrollo del juego:<\/p>\n<p>Cada tr\u00edo jugara tres l\u00edneas en cada par de canchas (en clubes con 6 canchas).-<br \/>\nEn cada par de canchas, jugaran dos colegios contempor\u00e1neamente, tirando un jugador de uno de los colegios en una canchas y otro jugador de otro colegio en la cancha que esta a su lado y forma el par de esta.-<br \/>\nCada jugador tirara tres bochas para intentar derribar los 10 palos que se encuentran parados al final de la misma, respetando el siguiente orden: a) primero tirara su primer bocha (una vez que la maquina o palero hayan terminado de pararlos completamente) el jugador de la derecha (de las dos canchas) y luego tirara su primer bocha el de la izquierda, y as\u00ed con la segunda y tercer bochas (siempre que no haya marcado alguno stryke o medio stryke).-<br \/>\nCulminadas las primeras tres l\u00edneas en el par de canchas que le tocaron (por sorteo previo del coordinador) a los dos colegios que tiraran juntos, comenzaran las segundas l\u00edneas en el par de canchas que est\u00e9n a la derecha de las que acaban de participar.-<br \/>\nPara anotar en la planilla se contara literalmente lo que marque la maquina varapalos, salvo que exista varapalos manual. EN este ultimo caso se contara seg\u00fan las normas de juego comunes y\u00a0 seg\u00fan lo que realmente en la pedana.-<br \/>\nEl jugador que pase la l\u00ednea de full marcada en la peana, cometer\u00e1 falta y se anularan los palos que haya derribado con ese tiro, volvi\u00e9ndolos a parar en la forma que se encontraban antes de dicho tiro.-<br \/>\nSe debe respetar el silencio, cuando el adversario de la cancha de paralela este por hacer su tiro.-<br \/>\nNo se puede picar la bocha tir\u00e1ndola de aire.-<br \/>\nLa bocha que cae a la canaleta y vuelve a subir a la pedana es nula. No se contaran los palos derribados. Se vuelven a parar como se encontraban antes de dicho tiro.-<br \/>\nTerminadas las nueve l\u00edneas, se entraran las planillas al coordinador a fin de contabilice los palos que cada colegio a derribado en el juego.-<br \/>\nAnte cualquier divergencia, ser\u00e1 el coordinador quien posea la decisi\u00f3n final y tenga la ultima palabra.-<\/p>\n<p>&nbsp;<\/p>\n","protected":false},"excerpt":{"rendered":"<p>D\u00eda:\u00a0Jueves Lugar de Juego:\u00a0Club Urquiza &#8211; Tucum\u00e1n 2663 Horario:\u00a0Tres tandas\u00a0\u00a0\u00a0 Importante: Ver Reglamento de Juego Grupo A &#8211; 18Hs San Martin Necochea San Nicolas Moron La Plata Grupo B &#8211; 20 Hs Lomas de Zamora Dolores Azul San Isidro Zarate [&hellip;]<\/p>\n","protected":false},"author":1,"featured_media":0,"parent":0,"menu_order":0,"comment_status":"open","ping_status":"open","template":"","meta":{"_bbp_topic_count":0,"_bbp_reply_count":0,"_bbp_total_topic_count":0,"_bbp_total_reply_count":0,"_bbp_voice_count":0,"_bbp_anonymous_reply_count":0,"_bbp_topic_count_hidden":0,"_bbp_reply_count_hidden":0,"_bbp_forum_subforum_count":0,"footnotes":""},"class_list":["post-159","page","type-page","status-publish","hentry"],"_links":{"self":[{"href":"https:\/\/colproba.org.ar\/wp\/deportivas2013\/wp-json\/wp\/v2\/pages\/159","targetHints":{"allow":["GET"]}}],"collection":[{"href":"https:\/\/colproba.org.ar\/wp\/deportivas2013\/wp-json\/wp\/v2\/pages"}],"about":[{"href":"https:\/\/colproba.org.ar\/wp\/deportivas2013\/wp-json\/wp\/v2\/types\/page"}],"author":[{"embeddable":true,"href":"https:\/\/colproba.org.ar\/wp\/deportivas2013\/wp-json\/wp\/v2\/users\/1"}],"replies":[{"embeddable":true,"href":"https:\/\/colproba.org.ar\/wp\/deportivas2013\/wp-json\/wp\/v2\/comments?post=159"}],"version-history":[{"count":3,"href":"https:\/\/colproba.org.ar\/wp\/deportivas2013\/wp-json\/wp\/v2\/pages\/159\/revisions"}],"predecessor-version":[{"id":342,"href":"https:\/\/colproba.org.ar\/wp\/deportivas2013\/wp-json\/wp\/v2\/pages\/159\/revisions\/342"}],"wp:attachment":[{"href":"https:\/\/colproba.org.ar\/wp\/deportivas2013\/wp-json\/wp\/v2\/media?parent=159"}],"curies":[{"name":"wp","href":"https:\/\/api.w.org\/{rel}","templated":true}]}}