{"id":13464,"date":"2018-06-13T16:57:44","date_gmt":"2018-06-13T19:57:44","guid":{"rendered":"http:\/\/colproba.org.ar\/j\/?page_id=13464"},"modified":"2020-02-18T12:56:53","modified_gmt":"2020-02-18T15:56:53","slug":"nuevo-implementacion-del-pago-electronico-para-comprobantes-de-tasas-registrales-y-minuta-de-informe-de-testamentos","status":"publish","type":"page","link":"https:\/\/colproba.org.ar\/l\/nuevo-implementacion-del-pago-electronico-para-comprobantes-de-tasas-registrales-y-minuta-de-informe-de-testamentos\/","title":{"rendered":"\u00a1Nuevo!  Implementaci\u00f3n del pago electr\u00f3nico para  comprobantes de tasas registrales y minuta de informe de testamentos."},"content":{"rendered":"<div class=\"fusion-fullwidth fullwidth-box fusion-builder-row-1 fusion-flex-container nonhundred-percent-fullwidth non-hundred-percent-height-scrolling\" style=\"--awb-border-radius-top-left:0px;--awb-border-radius-top-right:0px;--awb-border-radius-bottom-right:0px;--awb-border-radius-bottom-left:0px;--awb-flex-wrap:wrap;\" ><div class=\"fusion-builder-row fusion-row fusion-flex-align-items-flex-start fusion-flex-content-wrap\" style=\"max-width:calc( 1200 + 0px );margin-left: calc(-0px \/ 2 );margin-right: calc(-0px \/ 2 );\"><div class=\"fusion-layout-column fusion_builder_column fusion-builder-column-0 fusion_builder_column_1_1 1_1 fusion-flex-column\" style=\"--awb-bg-size:cover;--awb-width-large:100%;--awb-margin-top-large:0px;--awb-spacing-right-large:0px;--awb-margin-bottom-large:20px;--awb-spacing-left-large:0px;--awb-width-medium:100%;--awb-spacing-right-medium:0px;--awb-spacing-left-medium:0px;--awb-width-small:100%;--awb-spacing-right-small:0px;--awb-spacing-left-small:0px;\"><div class=\"fusion-column-wrapper fusion-flex-justify-content-flex-start fusion-content-layout-column\"><div class=\"fusion-text fusion-text-1\"><p>El comprobante de pago se descarga desde el sitio web del Colegio de Escribanos de la provincia de Buenos Aires.<\/p>\n<p>La nueva forma de pago permite a los clientes del Banco y dem\u00e1s entidades adheridas a Red Link abonar los comprobantes ordenando el d\u00e9bito directamente desde sus cuentas, ya sea por internet, por cajero autom\u00e1tico o por red link.<\/p>\n<p>Queda vigente la posibilidad de abonar mediante pago presencial en el Banco de la Provincia de Buenos Aires o Provincia net (es Bapro pago), aunque en este caso la demora bancaria es de 48\/72 horas en acreditarse el pago.<\/p>\n<div class=\"fusion-button-wrapper\"><a class=\"fusion-button button-flat fusion-button-default-size button-default fusion-button-default button-1 fusion-button-default-span fusion-button-default-type\" target=\"_blank\" rel=\"noopener noreferrer\" href=\"http:\/\/www.colescba.org.ar\/portal\/tramites.html\"><span class=\"fusion-button-text\">Acceda al sistema<\/span><\/a><\/div>\n<p>Ver \u00a0Instructivo descarga de comprobante y pago electr\u00f3nico.<\/p>\n<a href=\"https:\/\/colproba.org.ar\/j\/wp-content\/uploads\/2018\/06\/D_Colproba_2018_Nota-Escribanos_NOTA-ESCRIBANOS-ok1.pdf\" class=\"pdfemb-viewer\" style=\"\" data-width=\"max\" data-height=\"max\" data-toolbar=\"bottom\" data-toolbar-fixed=\"off\">D_Colproba_2018_Nota Escribanos_NOTA ESCRIBANOS ok1<\/a>\n<\/div><\/div><\/div><\/div><\/div>\n","protected":false},"excerpt":{"rendered":"","protected":false},"author":2,"featured_media":0,"parent":0,"menu_order":0,"comment_status":"closed","ping_status":"closed","template":"","meta":{"_exactmetrics_skip_tracking":false,"_exactmetrics_sitenote_active":false,"_exactmetrics_sitenote_note":"","_exactmetrics_sitenote_category":0,"footnotes":""},"class_list":["post-13464","page","type-page","status-publish","hentry"],"_links":{"self":[{"href":"https:\/\/colproba.org.ar\/l\/wp-json\/wp\/v2\/pages\/13464","targetHints":{"allow":["GET"]}}],"collection":[{"href":"https:\/\/colproba.org.ar\/l\/wp-json\/wp\/v2\/pages"}],"about":[{"href":"https:\/\/colproba.org.ar\/l\/wp-json\/wp\/v2\/types\/page"}],"author":[{"embeddable":true,"href":"https:\/\/colproba.org.ar\/l\/wp-json\/wp\/v2\/users\/2"}],"replies":[{"embeddable":true,"href":"https:\/\/colproba.org.ar\/l\/wp-json\/wp\/v2\/comments?post=13464"}],"version-history":[{"count":2,"href":"https:\/\/colproba.org.ar\/l\/wp-json\/wp\/v2\/pages\/13464\/revisions"}],"predecessor-version":[{"id":15418,"href":"https:\/\/colproba.org.ar\/l\/wp-json\/wp\/v2\/pages\/13464\/revisions\/15418"}],"wp:attachment":[{"href":"https:\/\/colproba.org.ar\/l\/wp-json\/wp\/v2\/media?parent=13464"}],"curies":[{"name":"wp","href":"https:\/\/api.w.org\/{rel}","templated":true}]}}