{"id":13196,"date":"2018-03-14T17:59:24","date_gmt":"2018-03-14T20:59:24","guid":{"rendered":"http:\/\/colproba.org.ar\/j\/?page_id=13196"},"modified":"2018-03-14T18:00:52","modified_gmt":"2018-03-14T21:00:52","slug":"registro-de-testamentos-peticion-de-informes","status":"publish","type":"page","link":"https:\/\/colproba.org.ar\/l\/registro-de-testamentos-peticion-de-informes\/","title":{"rendered":"Registro de Testamentos &#8211; Petici\u00f3n de Informes"},"content":{"rendered":"<div class=\"fusion-fullwidth fullwidth-box fusion-builder-row-1 fusion-flex-container nonhundred-percent-fullwidth non-hundred-percent-height-scrolling\" style=\"--awb-border-radius-top-left:0px;--awb-border-radius-top-right:0px;--awb-border-radius-bottom-right:0px;--awb-border-radius-bottom-left:0px;--awb-flex-wrap:wrap;\" ><div class=\"fusion-builder-row fusion-row fusion-flex-align-items-flex-start fusion-flex-content-wrap\" style=\"max-width:calc( 1200 + 0px );margin-left: calc(-0px \/ 2 );margin-right: calc(-0px \/ 2 );\"><div class=\"fusion-layout-column fusion_builder_column fusion-builder-column-0 fusion_builder_column_1_1 1_1 fusion-flex-column\" style=\"--awb-bg-size:cover;--awb-width-large:100%;--awb-margin-top-large:0px;--awb-spacing-right-large:0px;--awb-margin-bottom-large:20px;--awb-spacing-left-large:0px;--awb-width-medium:100%;--awb-spacing-right-medium:0px;--awb-spacing-left-medium:0px;--awb-width-small:100%;--awb-spacing-right-small:0px;--awb-spacing-left-small:0px;\"><div class=\"fusion-column-wrapper fusion-flex-justify-content-flex-start fusion-content-layout-column\"><div class=\"fusion-text fusion-text-1\"><h3>Registro de Testamentos &#8211; Petici\u00f3n de Informes<\/h3>\n<\/div><div class=\"fusion-text fusion-text-2\"><p>Los letrados pueden tramitar oficios al Registro de Testamentos v\u00eda web y a trav\u00e9s del Portal de Notificaciones y Presentaciones Electr\u00f3nicas.<\/p>\n<p><div class=\"fusion-button-wrapper\"><a class=\"fusion-button button-flat fusion-button-default-size button-default fusion-button-default button-1 fusion-button-default-span fusion-button-default-type\" target=\"_blank\" rel=\"noopener noreferrer\" href=\"http:\/\/iadpi.com.ar\/wp-content\/uploads\/2017\/03\/Instructivo-Dligenciar-Oficio-a-Registro-de-Testamentos-1.pdf\"><span class=\"fusion-button-text\">instructivo 1<\/span><\/a><\/div>\n<div class=\"fusion-button-wrapper\"><a class=\"fusion-button button-flat fusion-button-default-size button-default fusion-button-default button-2 fusion-button-default-span fusion-button-default-type\" target=\"_blank\" rel=\"noopener noreferrer\" href=\"http:\/\/iadpi.com.ar\/wp-content\/uploads\/2017\/03\/Instructivo-Dligenciar-Oficio-a-Registro-de-Testamentos-2.pdf\"><span class=\"fusion-button-text\">instructivo 2<\/span><\/a><\/div><\/p>\n<h6><em>Aclaraci\u00f3n: los documentos recepcionados por esta modalidad son plenamente v\u00e1lidos y eficaces para ser presentados -v\u00eda papel o en formato electr\u00f3nica por el portal web de la SCBA &#8211; ante los organismos jurisdiccionales de la Provincia de Buenos Aires.<\/em><\/h6>\n<\/div><\/div><\/div><\/div><\/div>\n","protected":false},"excerpt":{"rendered":"","protected":false},"author":2,"featured_media":0,"parent":0,"menu_order":0,"comment_status":"closed","ping_status":"closed","template":"","meta":{"_exactmetrics_skip_tracking":false,"_exactmetrics_sitenote_active":false,"_exactmetrics_sitenote_note":"","_exactmetrics_sitenote_category":0,"footnotes":""},"class_list":["post-13196","page","type-page","status-publish","hentry"],"_links":{"self":[{"href":"https:\/\/colproba.org.ar\/l\/wp-json\/wp\/v2\/pages\/13196","targetHints":{"allow":["GET"]}}],"collection":[{"href":"https:\/\/colproba.org.ar\/l\/wp-json\/wp\/v2\/pages"}],"about":[{"href":"https:\/\/colproba.org.ar\/l\/wp-json\/wp\/v2\/types\/page"}],"author":[{"embeddable":true,"href":"https:\/\/colproba.org.ar\/l\/wp-json\/wp\/v2\/users\/2"}],"replies":[{"embeddable":true,"href":"https:\/\/colproba.org.ar\/l\/wp-json\/wp\/v2\/comments?post=13196"}],"version-history":[{"count":2,"href":"https:\/\/colproba.org.ar\/l\/wp-json\/wp\/v2\/pages\/13196\/revisions"}],"predecessor-version":[{"id":13198,"href":"https:\/\/colproba.org.ar\/l\/wp-json\/wp\/v2\/pages\/13196\/revisions\/13198"}],"wp:attachment":[{"href":"https:\/\/colproba.org.ar\/l\/wp-json\/wp\/v2\/media?parent=13196"}],"curies":[{"name":"wp","href":"https:\/\/api.w.org\/{rel}","templated":true}]}}