{"id":13188,"date":"2018-03-14T17:50:49","date_gmt":"2018-03-14T20:50:49","guid":{"rendered":"http:\/\/colproba.org.ar\/j\/?page_id=13188"},"modified":"2018-05-06T18:50:11","modified_gmt":"2018-05-06T21:50:11","slug":"dnrpa-informes-online","status":"publish","type":"page","link":"https:\/\/colproba.org.ar\/l\/dnrpa-informes-online\/","title":{"rendered":"DNRPA &#8211; Informes Online"},"content":{"rendered":"<div class=\"fusion-fullwidth fullwidth-box fusion-builder-row-1 fusion-flex-container nonhundred-percent-fullwidth non-hundred-percent-height-scrolling\" style=\"--awb-border-radius-top-left:0px;--awb-border-radius-top-right:0px;--awb-border-radius-bottom-right:0px;--awb-border-radius-bottom-left:0px;--awb-flex-wrap:wrap;\" ><div class=\"fusion-builder-row fusion-row fusion-flex-align-items-flex-start fusion-flex-content-wrap\" style=\"max-width:calc( 1200 + 0px );margin-left: calc(-0px \/ 2 );margin-right: calc(-0px \/ 2 );\"><div class=\"fusion-layout-column fusion_builder_column fusion-builder-column-0 fusion_builder_column_1_1 1_1 fusion-flex-column\" style=\"--awb-bg-size:cover;--awb-width-large:100%;--awb-margin-top-large:0px;--awb-spacing-right-large:0px;--awb-margin-bottom-large:20px;--awb-spacing-left-large:0px;--awb-width-medium:100%;--awb-spacing-right-medium:0px;--awb-spacing-left-medium:0px;--awb-width-small:100%;--awb-spacing-right-small:0px;--awb-spacing-left-small:0px;\"><div class=\"fusion-column-wrapper fusion-flex-justify-content-flex-start fusion-content-layout-column\"><div class=\"fusion-text fusion-text-1\"><h3>DNRPA &#8211; Informes Online<\/h3>\n<\/div><div class=\"fusion-text fusion-text-2\"><p>Los matriculados de la provincia pueden solicitar por v\u00eda electr\u00f3nica informes acerca de la situaci\u00f3n jur\u00eddica de un automotor o de Anotaciones personales que obren en el Registro Seccional correspondiente y optar recibir dicha informaci\u00f3n v\u00eda mail. Todo mediante la tecnolog\u00eda de firma digital.<\/p>\n<p><strong>Sistema Integral de Tr\u00e1mites Electr\u00f3nico<\/strong><\/p>\n<div class=\"fusion-button-wrapper\"><a class=\"fusion-button button-flat fusion-button-default-size button-default fusion-button-default button-1 fusion-button-default-span fusion-button-default-type\" target=\"_self\" href=\"https:\/\/www2.jus.gov.ar\/site\/#!\/\"><span class=\"fusion-button-text\">acceso<\/span><\/a><\/div>\n<h6><em>Aclaraci\u00f3n: los documentos recepcionados por esta modalidad son plenamente v\u00e1lidos y eficaces para ser presentados -v\u00eda papel o en formato electr\u00f3nica por el portal web de la SCBA &#8211; ante los organismos jurisdiccionales de la Provincia de Buenos Aires.<\/em><\/h6>\n<\/div><\/div><\/div><\/div><\/div>\n","protected":false},"excerpt":{"rendered":"","protected":false},"author":2,"featured_media":0,"parent":0,"menu_order":0,"comment_status":"closed","ping_status":"closed","template":"","meta":{"_exactmetrics_skip_tracking":false,"_exactmetrics_sitenote_active":false,"_exactmetrics_sitenote_note":"","_exactmetrics_sitenote_category":0,"footnotes":""},"class_list":["post-13188","page","type-page","status-publish","hentry"],"_links":{"self":[{"href":"https:\/\/colproba.org.ar\/l\/wp-json\/wp\/v2\/pages\/13188","targetHints":{"allow":["GET"]}}],"collection":[{"href":"https:\/\/colproba.org.ar\/l\/wp-json\/wp\/v2\/pages"}],"about":[{"href":"https:\/\/colproba.org.ar\/l\/wp-json\/wp\/v2\/types\/page"}],"author":[{"embeddable":true,"href":"https:\/\/colproba.org.ar\/l\/wp-json\/wp\/v2\/users\/2"}],"replies":[{"embeddable":true,"href":"https:\/\/colproba.org.ar\/l\/wp-json\/wp\/v2\/comments?post=13188"}],"version-history":[{"count":5,"href":"https:\/\/colproba.org.ar\/l\/wp-json\/wp\/v2\/pages\/13188\/revisions"}],"predecessor-version":[{"id":13388,"href":"https:\/\/colproba.org.ar\/l\/wp-json\/wp\/v2\/pages\/13188\/revisions\/13388"}],"wp:attachment":[{"href":"https:\/\/colproba.org.ar\/l\/wp-json\/wp\/v2\/media?parent=13188"}],"curies":[{"name":"wp","href":"https:\/\/api.w.org\/{rel}","templated":true}]}}